{"id":4975,"date":"2023-10-05T08:50:00","date_gmt":"2023-10-05T06:50:00","guid":{"rendered":"https:\/\/www.cuinesfernandez.com\/contacto\/"},"modified":"2024-06-25T08:58:49","modified_gmt":"2024-06-25T06:58:49","slug":"contacto","status":"publish","type":"page","link":"https:\/\/www.cuinesfernandez.com\/es\/contacto\/","title":{"rendered":"Contacto"},"content":{"rendered":"\t\t<div data-elementor-type=\"wp-page\" data-elementor-id=\"4975\" class=\"elementor elementor-4975 elementor-35\" data-elementor-post-type=\"page\">\n\t\t\t\t<div class=\"elementor-element elementor-element-2aa4843 e-con-full e-flex e-con e-parent\" data-id=\"2aa4843\" data-element_type=\"container\" data-settings=\"{&quot;background_background&quot;:&quot;classic&quot;}\">\n\t\t<div class=\"elementor-element elementor-element-2855b0f e-con-full e-flex e-con e-child\" data-id=\"2855b0f\" data-element_type=\"container\" data-settings=\"{&quot;background_background&quot;:&quot;classic&quot;}\">\n\t\t\t\t<div class=\"elementor-element elementor-element-50575d9 elementor-widget elementor-widget-heading\" data-id=\"50575d9\" data-element_type=\"widget\" data-widget_type=\"heading.default\">\n\t\t\t\t<div class=\"elementor-widget-container\">\n\t\t\t\t\t<h2 class=\"elementor-heading-title elementor-size-default\">cont\u00e1ctanos<\/h2>\t\t\t\t<\/div>\n\t\t\t\t<\/div>\n\t\t\t\t<div class=\"elementor-element elementor-element-369650b elementor-widget elementor-widget-heading\" data-id=\"369650b\" data-element_type=\"widget\" data-widget_type=\"heading.default\">\n\t\t\t\t<div class=\"elementor-widget-container\">\n\t\t\t\t\t<h2 class=\"elementor-heading-title elementor-size-default\">pide cita previa<\/h2>\t\t\t\t<\/div>\n\t\t\t\t<\/div>\n\t\t\t\t<\/div>\n\t\t<div class=\"elementor-element elementor-element-cc229e5 e-con-full e-flex e-con e-child\" data-id=\"cc229e5\" data-element_type=\"container\">\n\t\t\t\t<\/div>\n\t\t\t\t<\/div>\n\t\t<div class=\"elementor-element elementor-element-9b3b819 e-con-full e-flex e-con e-parent\" data-id=\"9b3b819\" data-element_type=\"container\">\n\t\t<div class=\"elementor-element elementor-element-bc2f2a9 e-con-full e-flex e-con e-child\" data-id=\"bc2f2a9\" data-element_type=\"container\">\n\t\t\t\t<div class=\"elementor-element elementor-element-a11c489 elementor-hidden-tablet elementor-hidden-mobile elementor-button-align-stretch elementor-widget elementor-widget-form\" data-id=\"a11c489\" data-element_type=\"widget\" data-settings=\"{&quot;button_width&quot;:&quot;25&quot;,&quot;step_next_label&quot;:&quot;Siguiente&quot;,&quot;step_previous_label&quot;:&quot;Anterior&quot;,&quot;step_type&quot;:&quot;number_text&quot;,&quot;step_icon_shape&quot;:&quot;circle&quot;}\" data-widget_type=\"form.default\">\n\t\t\t\t<div class=\"elementor-widget-container\">\n\t\t\t\t\t\t\t<form class=\"elementor-form\" method=\"post\" name=\"Nuevo formulario\" aria-label=\"Nuevo formulario\">\n\t\t\t<input type=\"hidden\" name=\"post_id\" value=\"4975\"\/>\n\t\t\t<input type=\"hidden\" name=\"form_id\" value=\"a11c489\"\/>\n\t\t\t<input type=\"hidden\" name=\"referer_title\" value=\"Cuines Fern\u00e1ndez\" \/>\n\n\t\t\t\n\t\t\t<div class=\"elementor-form-fields-wrapper elementor-labels-above\">\n\t\t\t\t\t\t\t\t<div class=\"elementor-field-type-text elementor-field-group elementor-column elementor-field-group-nom elementor-col-100 elementor-field-required\">\n\t\t\t\t\t\t\t\t\t\t\t\t\t<input size=\"1\" type=\"text\" name=\"form_fields[nom]\" id=\"form-field-nom\" class=\"elementor-field elementor-size-sm  elementor-field-textual\" placeholder=\"NOMBRE\" required=\"required\">\n\t\t\t\t\t\t\t\t\t\t\t<\/div>\n\t\t\t\t\t\t\t\t<div class=\"elementor-field-type-text elementor-field-group elementor-column elementor-field-group-poblacio elementor-col-50 elementor-field-required\">\n\t\t\t\t\t\t\t\t\t\t\t\t\t<input size=\"1\" type=\"text\" name=\"form_fields[poblacio]\" id=\"form-field-poblacio\" class=\"elementor-field elementor-size-sm  elementor-field-textual\" placeholder=\"POBLACI\u00d3N\" required=\"required\">\n\t\t\t\t\t\t\t\t\t\t\t<\/div>\n\t\t\t\t\t\t\t\t<div class=\"elementor-field-type-text elementor-field-group elementor-column elementor-field-group-telefon elementor-col-50\">\n\t\t\t\t\t\t\t\t\t\t\t\t\t<input size=\"1\" type=\"text\" name=\"form_fields[telefon]\" id=\"form-field-telefon\" class=\"elementor-field elementor-size-sm  elementor-field-textual\" placeholder=\"TEL\u00c9FONO\">\n\t\t\t\t\t\t\t\t\t\t\t<\/div>\n\t\t\t\t\t\t\t\t<div class=\"elementor-field-type-email elementor-field-group elementor-column elementor-field-group-correu elementor-col-100 elementor-field-required\">\n\t\t\t\t\t\t\t\t\t\t\t\t\t<input size=\"1\" type=\"email\" name=\"form_fields[correu]\" id=\"form-field-correu\" class=\"elementor-field elementor-size-sm  elementor-field-textual\" placeholder=\"CORREO\" required=\"required\">\n\t\t\t\t\t\t\t\t\t\t\t<\/div>\n\t\t\t\t\t\t\t\t<div class=\"elementor-field-type-text elementor-field-group elementor-column elementor-field-group-assumpte elementor-col-100 elementor-field-required\">\n\t\t\t\t\t\t\t\t\t\t\t\t\t<input size=\"1\" type=\"text\" name=\"form_fields[assumpte]\" id=\"form-field-assumpte\" class=\"elementor-field elementor-size-sm  elementor-field-textual\" placeholder=\"ASUNTO\" required=\"required\">\n\t\t\t\t\t\t\t\t\t\t\t<\/div>\n\t\t\t\t\t\t\t\t<div class=\"elementor-field-type-textarea elementor-field-group elementor-column elementor-field-group-missatge elementor-col-100 elementor-field-required\">\n\t\t\t\t\t<textarea class=\"elementor-field-textual elementor-field  elementor-size-sm\" name=\"form_fields[missatge]\" id=\"form-field-missatge\" rows=\"10\" placeholder=\"MENSAJE\" required=\"required\"><\/textarea>\t\t\t\t<\/div>\n\t\t\t\t\t\t\t\t<div class=\"elementor-field-type-acceptance elementor-field-group elementor-column elementor-field-group-field_d6086d5 elementor-col-75 elementor-field-required\">\n\t\t\t\t\t\t\t<div class=\"elementor-field-subgroup\">\n\t\t\t<span class=\"elementor-field-option\">\n\t\t\t\t<input type=\"checkbox\" name=\"form_fields[field_d6086d5]\" id=\"form-field-field_d6086d5\" class=\"elementor-field elementor-size-sm  elementor-acceptance-field\" required=\"required\">\n\t\t\t\t<label for=\"form-field-field_d6086d5\">He le\u00eddo y acepto la <a href=\"https:\/\/www.cuinesfernandez.com\/es\/politica-de-privacidad\/\" target=\"_blank\">pol\u00edtica de privacidad<\/a>.<\/label>\t\t\t<\/span>\n\t\t<\/div>\n\t\t\t\t\t\t<\/div>\n\t\t\t\t\t\t\t\t<div class=\"elementor-field-type-recaptcha elementor-field-group elementor-column elementor-field-group-field_9662046 elementor-col-100\">\n\t\t\t\t\t<div class=\"elementor-field\" id=\"form-field-field_9662046\"><div class=\"elementor-g-recaptcha\" data-sitekey=\"6LcgOzgpAAAAAMEBATpXDuWOLymwzbZDOrQd8tNw\" data-type=\"v2_checkbox\" data-theme=\"light\" data-size=\"normal\"><\/div><\/div>\t\t\t\t<\/div>\n\t\t\t\t\t\t\t\t<div class=\"elementor-field-group elementor-column elementor-field-type-submit elementor-col-25 e-form__buttons\">\n\t\t\t\t\t<button class=\"elementor-button elementor-size-sm\" type=\"submit\">\n\t\t\t\t\t\t<span class=\"elementor-button-content-wrapper\">\n\t\t\t\t\t\t\t\t\t\t\t\t\t\t\t\t\t\t\t\t\t\t<span class=\"elementor-button-text\">ENVIAR<\/span>\n\t\t\t\t\t\t\t\t\t\t\t\t\t<\/span>\n\t\t\t\t\t<\/button>\n\t\t\t\t<\/div>\n\t\t\t<\/div>\n\t\t<\/form>\n\t\t\t\t\t\t<\/div>\n\t\t\t\t<\/div>\n\t\t\t\t<div class=\"elementor-element elementor-element-f93fe32 elementor-hidden-desktop elementor-button-align-stretch elementor-widget elementor-widget-form\" data-id=\"f93fe32\" data-element_type=\"widget\" data-settings=\"{&quot;button_width&quot;:&quot;25&quot;,&quot;step_next_label&quot;:&quot;Siguiente&quot;,&quot;step_previous_label&quot;:&quot;Anterior&quot;,&quot;step_type&quot;:&quot;number_text&quot;,&quot;step_icon_shape&quot;:&quot;circle&quot;}\" data-widget_type=\"form.default\">\n\t\t\t\t<div class=\"elementor-widget-container\">\n\t\t\t\t\t\t\t<form class=\"elementor-form\" method=\"post\" name=\"Nuevo formulario\" aria-label=\"Nuevo formulario\">\n\t\t\t<input type=\"hidden\" name=\"post_id\" value=\"4975\"\/>\n\t\t\t<input type=\"hidden\" name=\"form_id\" value=\"f93fe32\"\/>\n\t\t\t<input type=\"hidden\" name=\"referer_title\" value=\"Cuines Fern\u00e1ndez\" \/>\n\n\t\t\t\n\t\t\t<div class=\"elementor-form-fields-wrapper elementor-labels-above\">\n\t\t\t\t\t\t\t\t<div class=\"elementor-field-type-text elementor-field-group elementor-column elementor-field-group-nom elementor-col-100 elementor-field-required\">\n\t\t\t\t\t\t\t\t\t\t\t\t\t<input size=\"1\" type=\"text\" name=\"form_fields[nom]\" id=\"form-field-nom\" class=\"elementor-field elementor-size-xs  elementor-field-textual\" placeholder=\"NOMBRE\" required=\"required\">\n\t\t\t\t\t\t\t\t\t\t\t<\/div>\n\t\t\t\t\t\t\t\t<div class=\"elementor-field-type-text elementor-field-group elementor-column elementor-field-group-poblacio elementor-col-100 elementor-md-50 elementor-field-required\">\n\t\t\t\t\t\t\t\t\t\t\t\t\t<input size=\"1\" type=\"text\" name=\"form_fields[poblacio]\" id=\"form-field-poblacio\" class=\"elementor-field elementor-size-xs  elementor-field-textual\" placeholder=\"POBLACI\u00d3N\" required=\"required\">\n\t\t\t\t\t\t\t\t\t\t\t<\/div>\n\t\t\t\t\t\t\t\t<div class=\"elementor-field-type-text elementor-field-group elementor-column elementor-field-group-telefon elementor-col-100 elementor-md-50\">\n\t\t\t\t\t\t\t\t\t\t\t\t\t<input size=\"1\" type=\"text\" name=\"form_fields[telefon]\" id=\"form-field-telefon\" class=\"elementor-field elementor-size-xs  elementor-field-textual\" placeholder=\"TEL\u00c9FONO\">\n\t\t\t\t\t\t\t\t\t\t\t<\/div>\n\t\t\t\t\t\t\t\t<div class=\"elementor-field-type-email elementor-field-group elementor-column elementor-field-group-correu elementor-col-100 elementor-field-required\">\n\t\t\t\t\t\t\t\t\t\t\t\t\t<input size=\"1\" type=\"email\" name=\"form_fields[correu]\" id=\"form-field-correu\" class=\"elementor-field elementor-size-xs  elementor-field-textual\" placeholder=\"CORREO\" required=\"required\">\n\t\t\t\t\t\t\t\t\t\t\t<\/div>\n\t\t\t\t\t\t\t\t<div class=\"elementor-field-type-text elementor-field-group elementor-column elementor-field-group-assumpte elementor-col-100 elementor-field-required\">\n\t\t\t\t\t\t\t\t\t\t\t\t\t<input size=\"1\" type=\"text\" name=\"form_fields[assumpte]\" id=\"form-field-assumpte\" class=\"elementor-field elementor-size-xs  elementor-field-textual\" placeholder=\"ASUNTO\" required=\"required\">\n\t\t\t\t\t\t\t\t\t\t\t<\/div>\n\t\t\t\t\t\t\t\t<div class=\"elementor-field-type-textarea elementor-field-group elementor-column elementor-field-group-missatge elementor-col-100 elementor-field-required\">\n\t\t\t\t\t<textarea class=\"elementor-field-textual elementor-field  elementor-size-xs\" name=\"form_fields[missatge]\" id=\"form-field-missatge\" rows=\"5\" placeholder=\"MENSAJE\" required=\"required\"><\/textarea>\t\t\t\t<\/div>\n\t\t\t\t\t\t\t\t<div class=\"elementor-field-type-acceptance elementor-field-group elementor-column elementor-field-group-field_d6086d5 elementor-col-75 elementor-field-required\">\n\t\t\t\t\t\t\t<div class=\"elementor-field-subgroup\">\n\t\t\t<span class=\"elementor-field-option\">\n\t\t\t\t<input type=\"checkbox\" name=\"form_fields[field_d6086d5]\" id=\"form-field-field_d6086d5\" class=\"elementor-field elementor-size-xs  elementor-acceptance-field\" required=\"required\">\n\t\t\t\t<label for=\"form-field-field_d6086d5\">He le\u00eddo y acepto la <a href=\"https:\/\/www.cuinesfernandez.com\/es\/politica-de-privacidad\/\" target=\"_blank\">pol\u00edtica de privacidad<\/a>.<\/label>\t\t\t<\/span>\n\t\t<\/div>\n\t\t\t\t\t\t<\/div>\n\t\t\t\t\t\t\t\t<div class=\"elementor-field-type-recaptcha elementor-field-group elementor-column elementor-field-group-field_b3baebf elementor-col-100\">\n\t\t\t\t\t<div class=\"elementor-field\" id=\"form-field-field_b3baebf\"><div class=\"elementor-g-recaptcha\" data-sitekey=\"6LcgOzgpAAAAAMEBATpXDuWOLymwzbZDOrQd8tNw\" data-type=\"v2_checkbox\" data-theme=\"light\" data-size=\"normal\"><\/div><\/div>\t\t\t\t<\/div>\n\t\t\t\t\t\t\t\t<div class=\"elementor-field-group elementor-column elementor-field-type-submit elementor-col-25 e-form__buttons\">\n\t\t\t\t\t<button class=\"elementor-button elementor-size-sm\" type=\"submit\">\n\t\t\t\t\t\t<span class=\"elementor-button-content-wrapper\">\n\t\t\t\t\t\t\t\t\t\t\t\t\t\t\t\t\t\t\t\t\t\t<span class=\"elementor-button-text\">ENVIAR<\/span>\n\t\t\t\t\t\t\t\t\t\t\t\t\t<\/span>\n\t\t\t\t\t<\/button>\n\t\t\t\t<\/div>\n\t\t\t<\/div>\n\t\t<\/form>\n\t\t\t\t\t\t<\/div>\n\t\t\t\t<\/div>\n\t\t\t\t<\/div>\n\t\t<div class=\"elementor-element elementor-element-73d31ea e-con-full e-flex e-con e-child\" data-id=\"73d31ea\" data-element_type=\"container\" data-settings=\"{&quot;background_background&quot;:&quot;classic&quot;}\">\n\t\t<div class=\"elementor-element elementor-element-7abf7d2 e-con-full e-flex e-con e-child\" data-id=\"7abf7d2\" data-element_type=\"container\">\n\t\t\t\t<div class=\"elementor-element elementor-element-385ed43 elementor-widget elementor-widget-text-editor\" data-id=\"385ed43\" data-element_type=\"widget\" data-widget_type=\"text-editor.default\">\n\t\t\t\t<div class=\"elementor-widget-container\">\n\t\t\t\t\t\t\t\t\t<p>EXPOSICI\u00d3N<\/p>\n\t\t\t\t\t\t\t\t<\/div>\n\t\t\t\t<\/div>\n\t\t\t\t<div class=\"elementor-element elementor-element-af9f6b9 elementor-widget elementor-widget-text-editor\" data-id=\"af9f6b9\" data-element_type=\"widget\" data-widget_type=\"text-editor.default\">\n\t\t\t\t<div class=\"elementor-widget-container\">\n\t\t\t\t\t\t\t\t\t<p>C\/La Riera, 155<br \/>08302 Matar\u00f3 (Barcelona)<br \/><a style=\"color: black;\" href=\"mailto:info@cuinesfernandez.com\">info@cuinesfernandez.com<\/a><br \/><a style=\"color: black;\" href=\"mailto:cuinesjfernandez@gmail.com\">cuinesjfernandez@gmail.com<\/a><br \/>Tel: <a style=\"color: black;\" href=\"tel:937991403\">93 799 14 03<\/a><\/p>\n\t\t\t\t\t\t\t\t<\/div>\n\t\t\t\t<\/div>\n\t\t\t\t<div class=\"elementor-element elementor-element-1178a10 elementor-widget elementor-widget-shortcode\" data-id=\"1178a10\" data-element_type=\"widget\" data-widget_type=\"shortcode.default\">\n\t\t\t\t<div class=\"elementor-widget-container\">\n\t\t\t\t\t\t\t<div class=\"elementor-shortcode\"><iframe src=\"https:\/\/www.google.com\/maps\/embed?pb=!1m14!1m8!1m3!1d23889.629800773448!2d2.442768!3d41.543186!3m2!1i1024!2i768!4f13.1!3m3!1m2!1s0x12a4b522fc401063%3A0x8dc44f17a5cf3059!2sCuines%20Fern%C3%A1ndez!5e0!3m2!1ses!2ses!4v1698910611407!5m2!1ses!2ses\" width=\"600\" height=\"450\" style=\"border:0;\" allowfullscreen=\"\" loading=\"lazy\" referrerpolicy=\"no-referrer-when-downgrade\"><\/iframe><\/div>\n\t\t\t\t\t\t<\/div>\n\t\t\t\t<\/div>\n\t\t\t\t<\/div>\n\t\t<div class=\"elementor-element elementor-element-c0a75b3 e-con-full e-flex e-con e-child\" data-id=\"c0a75b3\" data-element_type=\"container\">\n\t\t\t\t<div class=\"elementor-element elementor-element-079d0cc elementor-widget elementor-widget-text-editor\" data-id=\"079d0cc\" data-element_type=\"widget\" data-widget_type=\"text-editor.default\">\n\t\t\t\t<div class=\"elementor-widget-container\">\n\t\t\t\t\t\t\t\t\t<p>EXPOSICI\u00d3N Y F\u00c1BRICA<\/p>\n\t\t\t\t\t\t\t\t<\/div>\n\t\t\t\t<\/div>\n\t\t\t\t<div class=\"elementor-element elementor-element-22b8610 elementor-widget elementor-widget-text-editor\" data-id=\"22b8610\" data-element_type=\"widget\" data-widget_type=\"text-editor.default\">\n\t\t\t\t<div class=\"elementor-widget-container\">\n\t\t\t\t\t\t\t\t\t<p>C\/Jaume Parteg\u00e0s, 2<br \/>08350 Arenys de Mar (Barcelona)<br \/><a style=\"color: black;\" href=\"mailto:info@cuinesfernandez.com\">info@cuinesfernandez.com<\/a><br \/><a style=\"color: black;\" href=\"mailto:cuinesjfernandez@gmail.com\">cuinesjfernandez@gmail.com<\/a><br \/><a style=\"color: black;\" href=\"tel:937957132\">93 795 71 32<\/a> (Exposici\u00f3n)<br \/><a style=\"color: black;\" href=\"tel:937964954\">93 796 49 54<\/a> (Oficinas)<\/p>\n\t\t\t\t\t\t\t\t<\/div>\n\t\t\t\t<\/div>\n\t\t\t\t<div class=\"elementor-element elementor-element-bf538d7 elementor-widget elementor-widget-shortcode\" data-id=\"bf538d7\" data-element_type=\"widget\" data-widget_type=\"shortcode.default\">\n\t\t\t\t<div class=\"elementor-widget-container\">\n\t\t\t\t\t\t\t<div class=\"elementor-shortcode\"><iframe src=\"https:\/\/www.google.com\/maps\/embed?pb=!1m14!1m8!1m3!1d5969.0670870003305!2d2.5409070000000002!3d41.579339!3m2!1i1024!2i768!4f13.1!3m3!1m2!1s0x12bb36073f968579%3A0x149109ad98f7814f!2sC.%20de%20Jaume%20Partag%C3%A0s%20I%20Rabell%2C%202%2C%2008350%20Arenys%20de%20Mar%2C%20Barcelona!5e0!3m2!1ses!2ses!4v1698910671390!5m2!1ses!2ses\" width=\"600\" height=\"450\" style=\"border:0;\" allowfullscreen=\"\" loading=\"lazy\" referrerpolicy=\"no-referrer-when-downgrade\"><\/iframe><\/div>\n\t\t\t\t\t\t<\/div>\n\t\t\t\t<\/div>\n\t\t\t\t<\/div>\n\t\t<div class=\"elementor-element elementor-element-531d32e e-con-full elementor-hidden-tablet elementor-hidden-mobile e-flex e-con e-child\" data-id=\"531d32e\" data-element_type=\"container\">\n\t\t\t\t<div class=\"elementor-element elementor-element-cc53e67 elementor-widget elementor-widget-spacer\" data-id=\"cc53e67\" data-element_type=\"widget\" data-widget_type=\"spacer.default\">\n\t\t\t\t<div class=\"elementor-widget-container\">\n\t\t\t\t\t\t\t<div class=\"elementor-spacer\">\n\t\t\t<div class=\"elementor-spacer-inner\"><\/div>\n\t\t<\/div>\n\t\t\t\t\t\t<\/div>\n\t\t\t\t<\/div>\n\t\t\t\t<\/div>\n\t\t\t\t<\/div>\n\t\t\t\t<\/div>\n\t\t<div class=\"elementor-element elementor-element-ec63e4c e-con-full e-flex e-con e-parent\" data-id=\"ec63e4c\" data-element_type=\"container\" data-settings=\"{&quot;background_background&quot;:&quot;classic&quot;}\">\n\t\t\t\t<\/div>\n\t\t\t\t<\/div>\n\t\t","protected":false},"excerpt":{"rendered":"<p>cont\u00e1ctanos pide cita previa EXPOSICI\u00d3N C\/La Riera, 15508302 Matar\u00f3 (Barcelona)info@cuinesfernandez.comcuinesjfernandez@gmail.comTel: 93 799 14 03 EXPOSICI\u00d3N Y F\u00c1BRICA C\/Jaume Parteg\u00e0s, 208350 Arenys de Mar (Barcelona)info@cuinesfernandez.comcuinesjfernandez@gmail.com93 795 71 32 (Exposici\u00f3n)93 796 49 54 (Oficinas)<\/p>\n","protected":false},"author":1,"featured_media":0,"parent":0,"menu_order":0,"comment_status":"closed","ping_status":"closed","template":"","meta":{"_acf_changed":false,"footnotes":""},"class_list":["post-4975","page","type-page","status-publish","hentry"],"acf":[],"yoast_head":"<!-- This site is optimized with the Yoast SEO Premium plugin v26.3 (Yoast SEO v26.7) - https:\/\/yoast.com\/wordpress\/plugins\/seo\/ -->\r\n<title>Contacto - Cuines Fern\u00e1ndez<\/title>\r\n<meta name=\"description\" content=\"Projectem i fabriquem la teva cuina a mida segons les teves necessitats.\" \/>\r\n<meta name=\"robots\" content=\"index, follow, max-snippet:-1, max-image-preview:large, max-video-preview:-1\" \/>\r\n<link rel=\"canonical\" href=\"https:\/\/www.cuinesfernandez.com\/es\/contacto\/\" \/>\r\n<meta property=\"og:locale\" content=\"es_ES\" \/>\r\n<meta property=\"og:type\" content=\"article\" \/>\r\n<meta property=\"og:title\" content=\"Contacto\" \/>\r\n<meta property=\"og:description\" content=\"Projectem i fabriquem la teva cuina a mida segons les teves necessitats.\" \/>\r\n<meta property=\"og:url\" content=\"https:\/\/www.cuinesfernandez.com\/es\/contacto\/\" \/>\r\n<meta property=\"og:site_name\" content=\"Cuines Fern\u00e1ndez\" \/>\r\n<meta property=\"article:publisher\" content=\"https:\/\/www.facebook.com\/cuinesfernandez\" \/>\r\n<meta property=\"article:modified_time\" content=\"2024-06-25T06:58:49+00:00\" \/>\r\n<meta name=\"twitter:card\" content=\"summary_large_image\" \/>\r\n<meta name=\"twitter:label1\" content=\"Est. reading time\" \/>\n\t<meta name=\"twitter:data1\" content=\"1 minute\" \/>\r\n<script type=\"application\/ld+json\" class=\"yoast-schema-graph\">{\"@context\":\"https:\/\/schema.org\",\"@graph\":[{\"@type\":\"WebPage\",\"@id\":\"https:\/\/www.cuinesfernandez.com\/es\/contacto\/\",\"url\":\"https:\/\/www.cuinesfernandez.com\/es\/contacto\/\",\"name\":\"Contacto - Cuines Fern\u00e1ndez\",\"isPartOf\":{\"@id\":\"https:\/\/www.cuinesfernandez.com\/es\/#website\"},\"datePublished\":\"2023-10-05T06:50:00+00:00\",\"dateModified\":\"2024-06-25T06:58:49+00:00\",\"description\":\"Projectem i fabriquem la teva cuina a mida segons les teves necessitats.\",\"breadcrumb\":{\"@id\":\"https:\/\/www.cuinesfernandez.com\/es\/contacto\/#breadcrumb\"},\"inLanguage\":\"es\",\"potentialAction\":[{\"@type\":\"ReadAction\",\"target\":[\"https:\/\/www.cuinesfernandez.com\/es\/contacto\/\"]}]},{\"@type\":\"BreadcrumbList\",\"@id\":\"https:\/\/www.cuinesfernandez.com\/es\/contacto\/#breadcrumb\",\"itemListElement\":[{\"@type\":\"ListItem\",\"position\":1,\"name\":\"Portada\",\"item\":\"https:\/\/www.cuinesfernandez.com\/es\/\"},{\"@type\":\"ListItem\",\"position\":2,\"name\":\"Contacto\"}]},{\"@type\":\"WebSite\",\"@id\":\"https:\/\/www.cuinesfernandez.com\/es\/#website\",\"url\":\"https:\/\/www.cuinesfernandez.com\/es\/\",\"name\":\"Cuines Fern\u00e1ndez\",\"description\":\"Projectem i fabriquem la teva cuina a mida segons les teves necessitats.\",\"publisher\":{\"@id\":\"https:\/\/www.cuinesfernandez.com\/es\/#organization\"},\"alternateName\":\"Cuines Fernandez\",\"potentialAction\":[{\"@type\":\"SearchAction\",\"target\":{\"@type\":\"EntryPoint\",\"urlTemplate\":\"https:\/\/www.cuinesfernandez.com\/es\/?s={search_term_string}\"},\"query-input\":{\"@type\":\"PropertyValueSpecification\",\"valueRequired\":true,\"valueName\":\"search_term_string\"}}],\"inLanguage\":\"es\"},{\"@type\":\"Organization\",\"@id\":\"https:\/\/www.cuinesfernandez.com\/es\/#organization\",\"name\":\"Cuines Fernandez\",\"alternateName\":\"Cuines Fernandez\",\"url\":\"https:\/\/www.cuinesfernandez.com\/es\/\",\"logo\":{\"@type\":\"ImageObject\",\"inLanguage\":\"es\",\"@id\":\"https:\/\/www.cuinesfernandez.com\/es\/#\/schema\/logo\/image\/\",\"url\":\"https:\/\/www.cuinesfernandez.com\/wp-content\/uploads\/2026\/03\/logo-60.webp\",\"contentUrl\":\"https:\/\/www.cuinesfernandez.com\/wp-content\/uploads\/2026\/03\/logo-60.webp\",\"width\":1572,\"height\":1600,\"caption\":\"Cuines Fernandez\"},\"image\":{\"@id\":\"https:\/\/www.cuinesfernandez.com\/es\/#\/schema\/logo\/image\/\"},\"sameAs\":[\"https:\/\/www.facebook.com\/cuinesfernandez\",\"https:\/\/www.instagram.com\/cuinesfernandez\/\"]}]}<\/script>\r\n<!-- \/ Yoast SEO Premium plugin. -->","yoast_head_json":{"title":"Contacto - Cuines Fern\u00e1ndez","description":"Projectem i fabriquem la teva cuina a mida segons les teves necessitats.","robots":{"index":"index","follow":"follow","max-snippet":"max-snippet:-1","max-image-preview":"max-image-preview:large","max-video-preview":"max-video-preview:-1"},"canonical":"https:\/\/www.cuinesfernandez.com\/es\/contacto\/","og_locale":"es_ES","og_type":"article","og_title":"Contacto","og_description":"Projectem i fabriquem la teva cuina a mida segons les teves necessitats.","og_url":"https:\/\/www.cuinesfernandez.com\/es\/contacto\/","og_site_name":"Cuines Fern\u00e1ndez","article_publisher":"https:\/\/www.facebook.com\/cuinesfernandez","article_modified_time":"2024-06-25T06:58:49+00:00","twitter_card":"summary_large_image","twitter_misc":{"Est. reading time":"1 minute"},"schema":{"@context":"https:\/\/schema.org","@graph":[{"@type":"WebPage","@id":"https:\/\/www.cuinesfernandez.com\/es\/contacto\/","url":"https:\/\/www.cuinesfernandez.com\/es\/contacto\/","name":"Contacto - Cuines Fern\u00e1ndez","isPartOf":{"@id":"https:\/\/www.cuinesfernandez.com\/es\/#website"},"datePublished":"2023-10-05T06:50:00+00:00","dateModified":"2024-06-25T06:58:49+00:00","description":"Projectem i fabriquem la teva cuina a mida segons les teves necessitats.","breadcrumb":{"@id":"https:\/\/www.cuinesfernandez.com\/es\/contacto\/#breadcrumb"},"inLanguage":"es","potentialAction":[{"@type":"ReadAction","target":["https:\/\/www.cuinesfernandez.com\/es\/contacto\/"]}]},{"@type":"BreadcrumbList","@id":"https:\/\/www.cuinesfernandez.com\/es\/contacto\/#breadcrumb","itemListElement":[{"@type":"ListItem","position":1,"name":"Portada","item":"https:\/\/www.cuinesfernandez.com\/es\/"},{"@type":"ListItem","position":2,"name":"Contacto"}]},{"@type":"WebSite","@id":"https:\/\/www.cuinesfernandez.com\/es\/#website","url":"https:\/\/www.cuinesfernandez.com\/es\/","name":"Cuines Fern\u00e1ndez","description":"Projectem i fabriquem la teva cuina a mida segons les teves necessitats.","publisher":{"@id":"https:\/\/www.cuinesfernandez.com\/es\/#organization"},"alternateName":"Cuines Fernandez","potentialAction":[{"@type":"SearchAction","target":{"@type":"EntryPoint","urlTemplate":"https:\/\/www.cuinesfernandez.com\/es\/?s={search_term_string}"},"query-input":{"@type":"PropertyValueSpecification","valueRequired":true,"valueName":"search_term_string"}}],"inLanguage":"es"},{"@type":"Organization","@id":"https:\/\/www.cuinesfernandez.com\/es\/#organization","name":"Cuines Fernandez","alternateName":"Cuines Fernandez","url":"https:\/\/www.cuinesfernandez.com\/es\/","logo":{"@type":"ImageObject","inLanguage":"es","@id":"https:\/\/www.cuinesfernandez.com\/es\/#\/schema\/logo\/image\/","url":"https:\/\/www.cuinesfernandez.com\/wp-content\/uploads\/2026\/03\/logo-60.webp","contentUrl":"https:\/\/www.cuinesfernandez.com\/wp-content\/uploads\/2026\/03\/logo-60.webp","width":1572,"height":1600,"caption":"Cuines Fernandez"},"image":{"@id":"https:\/\/www.cuinesfernandez.com\/es\/#\/schema\/logo\/image\/"},"sameAs":["https:\/\/www.facebook.com\/cuinesfernandez","https:\/\/www.instagram.com\/cuinesfernandez\/"]}]}},"_links":{"self":[{"href":"https:\/\/www.cuinesfernandez.com\/es\/wp-json\/wp\/v2\/pages\/4975","targetHints":{"allow":["GET"]}}],"collection":[{"href":"https:\/\/www.cuinesfernandez.com\/es\/wp-json\/wp\/v2\/pages"}],"about":[{"href":"https:\/\/www.cuinesfernandez.com\/es\/wp-json\/wp\/v2\/types\/page"}],"author":[{"embeddable":true,"href":"https:\/\/www.cuinesfernandez.com\/es\/wp-json\/wp\/v2\/users\/1"}],"replies":[{"embeddable":true,"href":"https:\/\/www.cuinesfernandez.com\/es\/wp-json\/wp\/v2\/comments?post=4975"}],"version-history":[{"count":22,"href":"https:\/\/www.cuinesfernandez.com\/es\/wp-json\/wp\/v2\/pages\/4975\/revisions"}],"predecessor-version":[{"id":6583,"href":"https:\/\/www.cuinesfernandez.com\/es\/wp-json\/wp\/v2\/pages\/4975\/revisions\/6583"}],"wp:attachment":[{"href":"https:\/\/www.cuinesfernandez.com\/es\/wp-json\/wp\/v2\/media?parent=4975"}],"curies":[{"name":"wp","href":"https:\/\/api.w.org\/{rel}","templated":true}]}}