{"id":4843,"date":"2023-12-21T08:36:51","date_gmt":"2023-12-21T07:36:51","guid":{"rendered":"https:\/\/www.cuinesfernandez.com\/accesibilidad\/"},"modified":"2023-12-22T07:41:20","modified_gmt":"2023-12-22T06:41:20","slug":"accesibilidad","status":"publish","type":"page","link":"https:\/\/www.cuinesfernandez.com\/es\/accesibilidad\/","title":{"rendered":"Accesibilidad"},"content":{"rendered":"\t\t<div data-elementor-type=\"wp-page\" data-elementor-id=\"4843\" class=\"elementor elementor-4843 elementor-4037\" data-elementor-post-type=\"page\">\n\t\t\t\t<div class=\"elementor-element elementor-element-2e2def3f e-flex e-con-boxed e-con e-parent\" data-id=\"2e2def3f\" data-element_type=\"container\">\n\t\t\t\t\t<div class=\"e-con-inner\">\n\t\t\t\t<div class=\"elementor-element elementor-element-3bc95530 elementor-widget elementor-widget-text-editor\" data-id=\"3bc95530\" data-element_type=\"widget\" data-widget_type=\"text-editor.default\">\n\t\t\t\t<div class=\"elementor-widget-container\">\n\t\t\t\t\t\t\t\t\t<p>Queremos que todo el mundo que visite la web de Cuines Fernandez se sienta bienvenido y encuentre la experiencia gratificante.<\/p>\n<p>\u00bfQu\u00e9 estamos haciendo?<br \/>Para ayudarnos a hacer de la web de Cuines Fernandez un sitio positivo para todos, hemos estado utilizando las Directrices de accesibilidad al contenido web (WCAG) 2.1. Estas directrices explican c\u00f3mo hacer que el contenido web sea m\u00e1s accesible para personas con discapacidad y f\u00e1cil de utilizar para todos.<\/p>\n<p>Las directrices tienen tres niveles de accesibilidad (A, AA y AAA). Hemos escogido el nivel AA como objetivo de la web de Cuines Fernandez.<\/p>\n<p>\u00bfC\u00f3mo lo hacemos?<br \/>Hemos trabajado mucho en la web de Cuines Fernandez y creemos que hemos alcanzado nuestro objetivo de accesibilidad de nivel AA. Supervisamos el sitio web peri\u00f3dicamente para mantenerlo, pero si encuentra alg\u00fan problema, p\u00f3ngase en contacto.<\/p>\n<p>H\u00e1ganos saber qu\u00e9 le parece<br \/>Si le ha gustado utilizar la web de Cuines Fernandez, o si ha tenido problemas con alguna parte de ella, p\u00f3ngase en contacto. Nos gustar\u00eda recibir noticias suyas de cualquiera de las siguientes formas:<\/p>\n<p>env\u00edanos un correo electr\u00f3nico a <a href=\"mailto:info@cuinesfernandez.com\">info@cuinesfernandez.com<\/a><br \/>ll\u00e1manos al <a href=\"tel:937964954\">937964954<\/a><br \/>ponte en contacto en <a href=\"https:\/\/www.cuinesfernandez.com\/contacte\" target=\"_blank\" rel=\"noopener\">https:\/\/www.cuinesfernandez.com\/es\/contacto<\/a><\/p>\n\t\t\t\t\t\t\t\t<\/div>\n\t\t\t\t<\/div>\n\t\t\t\t\t<\/div>\n\t\t\t\t<\/div>\n\t\t\t\t<\/div>\n\t\t","protected":false},"excerpt":{"rendered":"<p>Queremos que todo el mundo que visite la web de Cuines Fernandez se sienta bienvenido y encuentre la experiencia gratificante. \u00bfQu\u00e9 estamos haciendo?Para ayudarnos a hacer de la web de Cuines Fernandez un sitio positivo para todos, hemos estado utilizando las Directrices de accesibilidad al contenido web (WCAG) 2.1. Estas directrices explican c\u00f3mo hacer que [&hellip;]<\/p>\n","protected":false},"author":1,"featured_media":0,"parent":0,"menu_order":0,"comment_status":"closed","ping_status":"closed","template":"","meta":{"_acf_changed":false,"footnotes":""},"class_list":["post-4843","page","type-page","status-publish","hentry"],"acf":[],"yoast_head":"<!-- This site is optimized with the Yoast SEO Premium plugin v26.3 (Yoast SEO v26.7) - https:\/\/yoast.com\/wordpress\/plugins\/seo\/ -->\r\n<title>Accesibilidad - Cuines Fern\u00e1ndez<\/title>\r\n<meta name=\"description\" content=\"Projectem i fabriquem la teva cuina a mida segons les teves necessitats.\" \/>\r\n<meta name=\"robots\" content=\"index, follow, max-snippet:-1, max-image-preview:large, max-video-preview:-1\" \/>\r\n<link rel=\"canonical\" href=\"https:\/\/www.cuinesfernandez.com\/es\/accesibilidad\/\" \/>\r\n<meta property=\"og:locale\" content=\"es_ES\" \/>\r\n<meta property=\"og:type\" content=\"article\" \/>\r\n<meta property=\"og:title\" content=\"Accesibilidad\" \/>\r\n<meta property=\"og:description\" content=\"Projectem i fabriquem la teva cuina a mida segons les teves necessitats.\" \/>\r\n<meta property=\"og:url\" content=\"https:\/\/www.cuinesfernandez.com\/es\/accesibilidad\/\" \/>\r\n<meta property=\"og:site_name\" content=\"Cuines Fern\u00e1ndez\" \/>\r\n<meta property=\"article:publisher\" content=\"https:\/\/www.facebook.com\/cuinesfernandez\" \/>\r\n<meta property=\"article:modified_time\" content=\"2023-12-22T06:41:20+00:00\" \/>\r\n<meta name=\"twitter:card\" content=\"summary_large_image\" \/>\r\n<meta name=\"twitter:label1\" content=\"Est. reading time\" \/>\n\t<meta name=\"twitter:data1\" content=\"1 minute\" \/>\r\n<script type=\"application\/ld+json\" class=\"yoast-schema-graph\">{\"@context\":\"https:\/\/schema.org\",\"@graph\":[{\"@type\":\"WebPage\",\"@id\":\"https:\/\/www.cuinesfernandez.com\/es\/accesibilidad\/\",\"url\":\"https:\/\/www.cuinesfernandez.com\/es\/accesibilidad\/\",\"name\":\"Accesibilidad - Cuines Fern\u00e1ndez\",\"isPartOf\":{\"@id\":\"https:\/\/www.cuinesfernandez.com\/es\/#website\"},\"datePublished\":\"2023-12-21T07:36:51+00:00\",\"dateModified\":\"2023-12-22T06:41:20+00:00\",\"description\":\"Projectem i fabriquem la teva cuina a mida segons les teves necessitats.\",\"breadcrumb\":{\"@id\":\"https:\/\/www.cuinesfernandez.com\/es\/accesibilidad\/#breadcrumb\"},\"inLanguage\":\"es\",\"potentialAction\":[{\"@type\":\"ReadAction\",\"target\":[\"https:\/\/www.cuinesfernandez.com\/es\/accesibilidad\/\"]}]},{\"@type\":\"BreadcrumbList\",\"@id\":\"https:\/\/www.cuinesfernandez.com\/es\/accesibilidad\/#breadcrumb\",\"itemListElement\":[{\"@type\":\"ListItem\",\"position\":1,\"name\":\"Portada\",\"item\":\"https:\/\/www.cuinesfernandez.com\/es\/\"},{\"@type\":\"ListItem\",\"position\":2,\"name\":\"Accesibilidad\"}]},{\"@type\":\"WebSite\",\"@id\":\"https:\/\/www.cuinesfernandez.com\/es\/#website\",\"url\":\"https:\/\/www.cuinesfernandez.com\/es\/\",\"name\":\"Cuines Fern\u00e1ndez\",\"description\":\"Projectem i fabriquem la teva cuina a mida segons les teves necessitats.\",\"publisher\":{\"@id\":\"https:\/\/www.cuinesfernandez.com\/es\/#organization\"},\"alternateName\":\"Cuines Fernandez\",\"potentialAction\":[{\"@type\":\"SearchAction\",\"target\":{\"@type\":\"EntryPoint\",\"urlTemplate\":\"https:\/\/www.cuinesfernandez.com\/es\/?s={search_term_string}\"},\"query-input\":{\"@type\":\"PropertyValueSpecification\",\"valueRequired\":true,\"valueName\":\"search_term_string\"}}],\"inLanguage\":\"es\"},{\"@type\":\"Organization\",\"@id\":\"https:\/\/www.cuinesfernandez.com\/es\/#organization\",\"name\":\"Cuines Fernandez\",\"alternateName\":\"Cuines Fernandez\",\"url\":\"https:\/\/www.cuinesfernandez.com\/es\/\",\"logo\":{\"@type\":\"ImageObject\",\"inLanguage\":\"es\",\"@id\":\"https:\/\/www.cuinesfernandez.com\/es\/#\/schema\/logo\/image\/\",\"url\":\"https:\/\/www.cuinesfernandez.com\/wp-content\/uploads\/2026\/03\/logo-60.webp\",\"contentUrl\":\"https:\/\/www.cuinesfernandez.com\/wp-content\/uploads\/2026\/03\/logo-60.webp\",\"width\":1572,\"height\":1600,\"caption\":\"Cuines Fernandez\"},\"image\":{\"@id\":\"https:\/\/www.cuinesfernandez.com\/es\/#\/schema\/logo\/image\/\"},\"sameAs\":[\"https:\/\/www.facebook.com\/cuinesfernandez\",\"https:\/\/www.instagram.com\/cuinesfernandez\/\"]}]}<\/script>\r\n<!-- \/ Yoast SEO Premium plugin. -->","yoast_head_json":{"title":"Accesibilidad - Cuines Fern\u00e1ndez","description":"Projectem i fabriquem la teva cuina a mida segons les teves necessitats.","robots":{"index":"index","follow":"follow","max-snippet":"max-snippet:-1","max-image-preview":"max-image-preview:large","max-video-preview":"max-video-preview:-1"},"canonical":"https:\/\/www.cuinesfernandez.com\/es\/accesibilidad\/","og_locale":"es_ES","og_type":"article","og_title":"Accesibilidad","og_description":"Projectem i fabriquem la teva cuina a mida segons les teves necessitats.","og_url":"https:\/\/www.cuinesfernandez.com\/es\/accesibilidad\/","og_site_name":"Cuines Fern\u00e1ndez","article_publisher":"https:\/\/www.facebook.com\/cuinesfernandez","article_modified_time":"2023-12-22T06:41:20+00:00","twitter_card":"summary_large_image","twitter_misc":{"Est. reading time":"1 minute"},"schema":{"@context":"https:\/\/schema.org","@graph":[{"@type":"WebPage","@id":"https:\/\/www.cuinesfernandez.com\/es\/accesibilidad\/","url":"https:\/\/www.cuinesfernandez.com\/es\/accesibilidad\/","name":"Accesibilidad - Cuines Fern\u00e1ndez","isPartOf":{"@id":"https:\/\/www.cuinesfernandez.com\/es\/#website"},"datePublished":"2023-12-21T07:36:51+00:00","dateModified":"2023-12-22T06:41:20+00:00","description":"Projectem i fabriquem la teva cuina a mida segons les teves necessitats.","breadcrumb":{"@id":"https:\/\/www.cuinesfernandez.com\/es\/accesibilidad\/#breadcrumb"},"inLanguage":"es","potentialAction":[{"@type":"ReadAction","target":["https:\/\/www.cuinesfernandez.com\/es\/accesibilidad\/"]}]},{"@type":"BreadcrumbList","@id":"https:\/\/www.cuinesfernandez.com\/es\/accesibilidad\/#breadcrumb","itemListElement":[{"@type":"ListItem","position":1,"name":"Portada","item":"https:\/\/www.cuinesfernandez.com\/es\/"},{"@type":"ListItem","position":2,"name":"Accesibilidad"}]},{"@type":"WebSite","@id":"https:\/\/www.cuinesfernandez.com\/es\/#website","url":"https:\/\/www.cuinesfernandez.com\/es\/","name":"Cuines Fern\u00e1ndez","description":"Projectem i fabriquem la teva cuina a mida segons les teves necessitats.","publisher":{"@id":"https:\/\/www.cuinesfernandez.com\/es\/#organization"},"alternateName":"Cuines Fernandez","potentialAction":[{"@type":"SearchAction","target":{"@type":"EntryPoint","urlTemplate":"https:\/\/www.cuinesfernandez.com\/es\/?s={search_term_string}"},"query-input":{"@type":"PropertyValueSpecification","valueRequired":true,"valueName":"search_term_string"}}],"inLanguage":"es"},{"@type":"Organization","@id":"https:\/\/www.cuinesfernandez.com\/es\/#organization","name":"Cuines Fernandez","alternateName":"Cuines Fernandez","url":"https:\/\/www.cuinesfernandez.com\/es\/","logo":{"@type":"ImageObject","inLanguage":"es","@id":"https:\/\/www.cuinesfernandez.com\/es\/#\/schema\/logo\/image\/","url":"https:\/\/www.cuinesfernandez.com\/wp-content\/uploads\/2026\/03\/logo-60.webp","contentUrl":"https:\/\/www.cuinesfernandez.com\/wp-content\/uploads\/2026\/03\/logo-60.webp","width":1572,"height":1600,"caption":"Cuines Fernandez"},"image":{"@id":"https:\/\/www.cuinesfernandez.com\/es\/#\/schema\/logo\/image\/"},"sameAs":["https:\/\/www.facebook.com\/cuinesfernandez","https:\/\/www.instagram.com\/cuinesfernandez\/"]}]}},"_links":{"self":[{"href":"https:\/\/www.cuinesfernandez.com\/es\/wp-json\/wp\/v2\/pages\/4843","targetHints":{"allow":["GET"]}}],"collection":[{"href":"https:\/\/www.cuinesfernandez.com\/es\/wp-json\/wp\/v2\/pages"}],"about":[{"href":"https:\/\/www.cuinesfernandez.com\/es\/wp-json\/wp\/v2\/types\/page"}],"author":[{"embeddable":true,"href":"https:\/\/www.cuinesfernandez.com\/es\/wp-json\/wp\/v2\/users\/1"}],"replies":[{"embeddable":true,"href":"https:\/\/www.cuinesfernandez.com\/es\/wp-json\/wp\/v2\/comments?post=4843"}],"version-history":[{"count":5,"href":"https:\/\/www.cuinesfernandez.com\/es\/wp-json\/wp\/v2\/pages\/4843\/revisions"}],"predecessor-version":[{"id":5023,"href":"https:\/\/www.cuinesfernandez.com\/es\/wp-json\/wp\/v2\/pages\/4843\/revisions\/5023"}],"wp:attachment":[{"href":"https:\/\/www.cuinesfernandez.com\/es\/wp-json\/wp\/v2\/media?parent=4843"}],"curies":[{"name":"wp","href":"https:\/\/api.w.org\/{rel}","templated":true}]}}